{"id":3143,"date":"2021-08-10T20:16:11","date_gmt":"2021-08-10T19:16:11","guid":{"rendered":"https:\/\/www.bikeslovakia.com\/sprievodca\/road-route-guide-part-1\/"},"modified":"2021-08-10T20:23:14","modified_gmt":"2021-08-10T19:23:14","slug":"cestna-trasa-usek-1","status":"publish","type":"page","link":"https:\/\/www.bikeslovakia.com\/sk\/sprievodca\/cestna-trasa-usek-1\/","title":{"rendered":"Sprievodca: Cestn\u00e1 trasa, \u00dasek 1"},"content":{"rendered":"","protected":true},"excerpt":{"rendered":"","protected":true},"author":1,"featured_media":0,"parent":1432,"menu_order":0,"comment_status":"closed","ping_status":"closed","template":"","meta":{"footnotes":""},"class_list":["post-3143","page","type-page","status-publish","post-password-required","hentry","has-post-title","has-post-date","has-post-category","has-post-tag","has-post-comment","has-post-author",""],"builder_content":"<h1>Sprievodca: Cestn\u00e1 trasa, \u00dasek 1<br\/>V\u0161etko, \u010do potrebujete vedie\u0165 pre va\u0161e 3-d\u0148ov\u00e9 dobrodru\u017estvo z Bratislavy do Tren\u010d\u00edna<\/h1>\n<p style=\"text-align: center;\">Ahoj, dobrodruh, dobrodru\u017eka! Je \u010das vyrazi\u0165 na cestu.<\/p>\n<h1>Ako pou\u017e\u00edva\u0165 GPS navig\u00e1ciu<\/h1>\n\n<h4>Nestrat\u00edte sa<\/h4> <p>Aby ste si naplno u\u017eili va\u0161e cyklistick\u00e9 dobrodru\u017estvo na Slovensku, pripravili sme pre v\u00e1s navig\u00e1ciu, ktor\u00e1 v\u00e1m uk\u00e1\u017ee cestu. V\u0161etko, \u010do k tomu potrebujete, je v\u00e1\u0161 smartf\u00f3n a aplik\u00e1cia Mapy.cz. K navig\u00e1cii ani v hor\u00e1ch nepotrebujete sign\u00e1l ani d\u00e1ta, len sa uistite, \u017ee m\u00e1te zapnut\u00fa lokaliz\u00e1ciu GPS.\u00a0<\/p>\n<svg> <circle r=\"calc(50% - 1.50px)\" cx=\"50%\" cy=\"50%\" stroke-width=\"3\"\/> <circle r=\"calc(50% - 1.50px)\" cx=\"50%\" cy=\"50%\" stroke=\"#ababab\" stroke-width=\"3\" data-progress=\"100\" stroke-dasharray=\"0,10000\"\/> <\/svg> <em style=\"color:#ababab\"><svg xmlns:xlink=\"http:\/\/www.w3.org\/1999\/xlink\" aria-hidden=\"true\"><use href=\"#tf-ti-map-alt\" xlink:href=\"#tf-ti-map-alt\"><\/use><\/svg><\/em> \n <h3> 1. Stiahnite si Mapy.cz <\/h3> <p>Stiahnite si\u00a0<a href=\"https:\/\/mapy.cz\/zakladni?mobilepromo=1\" target=\"_blank\" rel=\"noopener\">aplik\u00e1ciu Mapy.cz<\/a>\u00a0do svojho smartf\u00f3nu.<\/p>\n<svg> <circle r=\"calc(50% - 1.50px)\" cx=\"50%\" cy=\"50%\" stroke-width=\"3\"\/> <circle r=\"calc(50% - 1.50px)\" cx=\"50%\" cy=\"50%\" stroke=\"#ababab\" stroke-width=\"3\" data-progress=\"100\" stroke-dasharray=\"0,10000\"\/> <\/svg> <em style=\"color:#ababab\"><svg xmlns:xlink=\"http:\/\/www.w3.org\/1999\/xlink\" aria-hidden=\"true\"><use href=\"#tf-ti-map\" xlink:href=\"#tf-ti-map\"><\/use><\/svg><\/em> \n <h3> 2. Stiahnite si offline mapu Slovenska <\/h3> <p>V aplik\u00e1cii Mapy.cz app, kliknite na\u00a0<img loading=\"lazy\" data-tf-not-load=\"1\" src=\"https:\/\/www.bikeslovakia.com\/wp-content\/uploads\/2021\/01\/three-lines-20.png\" alt=\"\" width=\"20\" height=\"20\" \/>\u00a0, Offline mapy a stiahnite si mapy cel\u00e9ho Slovenska (300 \u2013 400 MB) do svojho smartf\u00f3nu.<\/p>\n<svg> <circle r=\"calc(50% - 1.50px)\" cx=\"50%\" cy=\"50%\" stroke-width=\"3\"\/> <circle r=\"calc(50% - 1.50px)\" cx=\"50%\" cy=\"50%\" stroke=\"#ababab\" stroke-width=\"3\" data-progress=\"100\" stroke-dasharray=\"0,10000\"\/> <\/svg> <em style=\"color:#ababab\"><svg xmlns:xlink=\"http:\/\/www.w3.org\/1999\/xlink\" aria-hidden=\"true\"><use href=\"#tf-ti-direction\" xlink:href=\"#tf-ti-direction\"><\/use><\/svg><\/em> \n <h3> 3. N\u00e1jdite svoju trasu <\/h3> <p>Kliknite na\u00a0<img loading=\"lazy\" data-tf-not-load=\"1\" src=\"https:\/\/www.bikeslovakia.com\/wp-content\/uploads\/2021\/01\/three-lines-20.png\" alt=\"\" width=\"20\" height=\"20\" \/>\u00a0a \u201cMiesta a trasy\u201d. Vyh\u013eadajte na \u201cCestn\u00e1 trasa\u201d a konkr\u00e9tnu etapu, ktor\u00fa v ten de\u0148 potrebujete.<\/p>\n<svg> <circle r=\"calc(50% - 1.50px)\" cx=\"50%\" cy=\"50%\" stroke-width=\"3\"\/> <circle r=\"calc(50% - 1.50px)\" cx=\"50%\" cy=\"50%\" stroke=\"#ababab\" stroke-width=\"3\" data-progress=\"100\" stroke-dasharray=\"0,10000\"\/> <\/svg> <em style=\"color:#ababab\"><svg xmlns:xlink=\"http:\/\/www.w3.org\/1999\/xlink\" aria-hidden=\"true\"><use href=\"#tf-fas-biking\" xlink:href=\"#tf-fas-biking\"><\/use><\/svg><\/em> \n <h3> 4. Kliknite na \"Navigova\u0165\" a u\u017eite si cestu! <\/h3> <p>GPS lokaliz\u00e1ciu si na smartf\u00f3ne nechajte zapnut\u00fa. K navig\u00e1cii nepotrebujete sign\u00e1l, ani d\u00e1ta. Navig\u00e1cia funguje offline.<\/p>\n<h1>Ako pou\u017e\u00edva\u0165 Sprievodcu<\/h1>\n\n<h4>V\u0161etko, \u010do potrebujete vedie\u0165<\/h4> <p>N\u00e1\u0161 sprievodca v\u00e1m pom\u00f4\u017ee so v\u0161etk\u00fdmi praktick\u00fdmi inform\u00e1ciami, ktor\u00e9 sa v\u00e1m z\u00eddu po\u010das cesty. Okrem toho v\u00e1m pribl\u00ed\u017ei aj zauj\u00edmavosti po trase. Sprievodca funguje ako offline webstr\u00e1nka. Jednoducho si ulo\u017ete skratku na plochu v\u00e1\u0161ho smartf\u00f3nu a kliknite kedyko\u013evek potrebujete aj bez d\u00e1t.<\/p>\n<svg> <circle r=\"calc(50% - 1.50px)\" cx=\"50%\" cy=\"50%\" stroke-width=\"3\"\/> <circle r=\"calc(50% - 1.50px)\" cx=\"50%\" cy=\"50%\" stroke=\"#ababab\" stroke-width=\"3\" data-progress=\"100\" stroke-dasharray=\"0,10000\"\/> <\/svg> <em style=\"color:#ababab\"><svg xmlns:xlink=\"http:\/\/www.w3.org\/1999\/xlink\" aria-hidden=\"true\"><use href=\"#tf-ti-map-alt\" xlink:href=\"#tf-ti-map-alt\"><\/use><\/svg><\/em> \n <h3> GPS a mapy <\/h3> <p>S d\u00e1tami si m\u00f4\u017eete pozrie\u0165 aj interakt\u00edvnu mapu a stiahnu\u0165\u00a0 si trasu. V\u010faka aplik\u00e1cii Mapy.cz m\u00f4\u017eete navig\u00e1ciu n\u00e1sledne pou\u017e\u00edva\u0165 aj bez d\u00e1t.<\/p>\n<svg> <circle r=\"calc(50% - 1.50px)\" cx=\"50%\" cy=\"50%\" stroke-width=\"3\"\/> <circle r=\"calc(50% - 1.50px)\" cx=\"50%\" cy=\"50%\" stroke=\"#ababab\" stroke-width=\"3\" data-progress=\"100\" stroke-dasharray=\"0,10000\"\/> <\/svg> <em style=\"color:#ababab\"><svg xmlns:xlink=\"http:\/\/www.w3.org\/1999\/xlink\" aria-hidden=\"true\"><use href=\"#tf-fas-beer\" xlink:href=\"#tf-fas-beer\"><\/use><\/svg><\/em> \n <h3> Kr\u010dmy a re\u0161taur\u00e1cie <\/h3> <p>Kde sa najes\u0165 a osvie\u017ei\u0165 po\u010das cesty? M\u00e1me pre v\u00e1s tipy na najlep\u0161ie miesta po trase.<\/p>\n<svg> <circle r=\"calc(50% - 1.50px)\" cx=\"50%\" cy=\"50%\" stroke-width=\"3\"\/> <circle r=\"calc(50% - 1.50px)\" cx=\"50%\" cy=\"50%\" stroke=\"#ababab\" stroke-width=\"3\" data-progress=\"100\" stroke-dasharray=\"0,10000\"\/> <\/svg> <em style=\"color:#ababab\"><svg xmlns:xlink=\"http:\/\/www.w3.org\/1999\/xlink\" aria-hidden=\"true\"><use href=\"#tf-fas-home\" xlink:href=\"#tf-fas-home\"><\/use><\/svg><\/em> \n <h3> Ubytovanie s ra\u0148ajkami <\/h3> <p>Kde str\u00e1vite noc? N\u00e1jdete tu aj presn\u00e9 inform\u00e1cie o ubytovan\u00ed, ktor\u00e9 sme pre v\u00e1s rezervovali.<\/p>\n<svg> <circle r=\"calc(50% - 1.50px)\" cx=\"50%\" cy=\"50%\" stroke-width=\"3\"\/> <circle r=\"calc(50% - 1.50px)\" cx=\"50%\" cy=\"50%\" stroke=\"#ababab\" stroke-width=\"3\" data-progress=\"100\" stroke-dasharray=\"0,10000\"\/> <\/svg> <em style=\"color:#ababab\"><svg xmlns:xlink=\"http:\/\/www.w3.org\/1999\/xlink\" aria-hidden=\"true\"><use href=\"#tf-fas-tools\" xlink:href=\"#tf-fas-tools\"><\/use><\/svg><\/em> \n <h3> Servisy bicyklov <\/h3> <p>Ak sa vyskytne technick\u00fd probl\u00e9m s va\u0161im bicyklom, tu m\u00e1me aktu\u00e1lne inform\u00e1cie o miestach, kde v\u00e1m pom\u00f4\u017eu.<\/p>\n<h3>Etapa 1<\/h3> <p>Bratislava - Rudava<\/p>\n<a href=\"https:\/\/www.bikeslovakia.com\/sk\/sprievodca\/cestna-trasa\/etapa-1\" > Sprievodca <\/a>\n<h3>Etapa 2<\/h3> <p>Rudava - Ko\u0161arisk\u00e1<\/p>\n<a href=\"https:\/\/www.bikeslovakia.com\/sk\/sprievodca\/cestna-trasa\/etapa-2\" > Sprievodca <\/a>\n<h3>Etapa 3<\/h3> <p>Ko\u0161arisk\u00e1 - Tren\u010d\u00edn<\/p>\n<a href=\"https:\/\/www.bikeslovakia.com\/sk\/sprievodca\/cestna-trasa\/etapa-3\" > Sprievodca <\/a>","_links":{"self":[{"href":"https:\/\/www.bikeslovakia.com\/sk\/wp-json\/wp\/v2\/pages\/3143","targetHints":{"allow":["GET"]}}],"collection":[{"href":"https:\/\/www.bikeslovakia.com\/sk\/wp-json\/wp\/v2\/pages"}],"about":[{"href":"https:\/\/www.bikeslovakia.com\/sk\/wp-json\/wp\/v2\/types\/page"}],"author":[{"embeddable":true,"href":"https:\/\/www.bikeslovakia.com\/sk\/wp-json\/wp\/v2\/users\/1"}],"replies":[{"embeddable":true,"href":"https:\/\/www.bikeslovakia.com\/sk\/wp-json\/wp\/v2\/comments?post=3143"}],"version-history":[{"count":5,"href":"https:\/\/www.bikeslovakia.com\/sk\/wp-json\/wp\/v2\/pages\/3143\/revisions"}],"predecessor-version":[{"id":3148,"href":"https:\/\/www.bikeslovakia.com\/sk\/wp-json\/wp\/v2\/pages\/3143\/revisions\/3148"}],"up":[{"embeddable":true,"href":"https:\/\/www.bikeslovakia.com\/sk\/wp-json\/wp\/v2\/pages\/1432"}],"wp:attachment":[{"href":"https:\/\/www.bikeslovakia.com\/sk\/wp-json\/wp\/v2\/media?parent=3143"}],"curies":[{"name":"wp","href":"https:\/\/api.w.org\/{rel}","templated":true}]}}