{"id":1442,"date":"2021-01-05T09:01:36","date_gmt":"2021-01-05T09:01:36","guid":{"rendered":"https:\/\/www.bikeslovakia.com\/about\/cycling-in-slovakia\/"},"modified":"2021-06-17T10:25:35","modified_gmt":"2021-06-17T09:25:35","slug":"cykloturistika-na-slovensku","status":"publish","type":"page","link":"https:\/\/www.bikeslovakia.com\/sk\/info\/cykloturistika-na-slovensku\/","title":{"rendered":"Cykloturistika na Slovensku"},"content":{"rendered":"<!--themify_builder_content-->\n<div id=\"themify_builder_content-1442\" data-postid=\"1442\" class=\"themify_builder_content themify_builder_content-1442 themify_builder tf_clear\">\n                    <div  data-css_id=\"tcox578\" data-lazy=\"1\" class=\"module_row themify_builder_row fullheight fullwidth_row_container tb_tcox578 tb_first tf_w\">\n            <span  class=\"builder_row_cover tf_abs\" data-lazy=\"1\"><\/span>            <div class=\"row_inner col_align_top tb_col_count_1 tf_box tf_rel\">\n                        <div  data-lazy=\"1\" class=\"module_column tb-column col-full tb_kx4u579 first\">\n                    <!-- module text -->\n<div  class=\"module module-text tb_ni6m579  repeat \" data-lazy=\"1\">\n        <div  class=\"tb_text_wrap\">\n        <h1>Cykloturistika na Slovensku<\/h1>    <\/div>\n<\/div>\n<!-- \/module text --><!-- module text -->\n<div  class=\"module module-text tb_53mi579  repeat \" data-lazy=\"1\">\n        <div  class=\"tb_text_wrap\">\n        <h2 style=\"text-align: center;\">Ako objavova\u0165 Slovensko na dvoch koles\u00e1ch<\/h2>    <\/div>\n<\/div>\n<!-- \/module text --><!-- module buttons -->\n<div  class=\"module module-buttons tb_fvpw580 buttons-horizontal outline  circle\" data-lazy=\"1\">\n        <div class=\"module-buttons-item tf_in_flx\">\n                        <a href=\"#whatis\" class=\"ui builder_button tf_in_flx transparent\" >\n                                                Chcem vedie\u0165                                        <\/a>\n                <\/div>\n            <\/div>\n<!-- \/module buttons -->\n        <\/div>\n                        <\/div>\n        <\/div>\n                        <div  data-anchor=\"whatis\" data-hide-anchor=\"1\" data-lazy=\"1\" class=\"module_row themify_builder_row tb_has_section tb_section-whatis tb_6kwy988 tf_w\">\n                        <div class=\"row_inner col_align_top tb_col_count_1 tf_box tf_rel\">\n                        <div  data-lazy=\"1\" class=\"module_column tb-column col-full tb_a14f989 first\">\n                    <!-- module text -->\n<div  class=\"module module-text tb_3e8i961   \" data-lazy=\"1\">\n    <h3 class=\"module-title\">Slovensko: kri\u017eovatka eur\u00f3pskych cyklotr\u00e1s?<\/h3>    <div  class=\"tb_text_wrap\">\n        <p style=\"text-align: center;\">\u00dazemie Slovenska bolo v\u010faka svojej polohe v strede Eur\u00f3py odnepam\u00e4ti kri\u017eovatkou r\u00f4znych ciest. Dnes to do istej miery plat\u00ed aj cyklotrasy. Jedna z hlavn\u00fdch tr\u00e1s cyklistov zo z\u00e1padnej Eur\u00f3py do \u00c1zie vedie popri Dunaji (<a href=\"https:\/\/www.eurovelo.sk\/sk\/6.html\" target=\"_blank\" rel=\"noopener\">EuroVelo 6<\/a>) aj cez Bratislavu a ju\u017en\u00e9 Slovensko. Epick\u00e1 cyklotrasa b\u00fdvalej \u017deleznej opony (<a href=\"https:\/\/www.eurovelo.sk\/sk\/13.html\" target=\"_blank\" rel=\"noopener\">EuroVelo 13<\/a>) sp\u00e1ja sever s juhom kontinentu aj na samom Z\u00e1pade Slovenska popri hranici s Rak\u00faskom. \u010eal\u0161ia severoju\u017en\u00e1 cyklotrasa z F\u00ednska do Gr\u00e9cka (<a href=\"https:\/\/www.eurovelo.sk\/sk\/11.html\" target=\"_blank\" rel=\"noopener\">EuroVelo 11<\/a>) kri\u017euje Slovensko cez v\u00fdchodn\u00e9 Slovensko a sp\u00e1ja aj Pre\u0161ov a Ko\u0161ice.<\/p>\n<p><img loading=\"lazy\" decoding=\"async\" class=\"size-full wp-image-933 aligncenter\" src=\"https:\/\/www.bikeslovakia.com\/wp-content\/uploads\/2021\/01\/slovakia-map-3.png\" alt=\"Map of Slovakia in Europe\" width=\"295\" height=\"290\" \/><\/p>    <\/div>\n<\/div>\n<!-- \/module text -->        <\/div>\n                        <\/div>\n        <\/div>\n                        <div  data-css_id=\"ftgv634\" data-lazy=\"1\" class=\"module_row themify_builder_row fullwidth tb_ftgv634 tf_w\">\n                        <div class=\"row_inner col_align_top tb_col_count_1 tf_box tf_rel\">\n                        <div  data-lazy=\"1\" class=\"module_column tb-column col-full tb_kumy635 first\">\n                    <!-- module gallery -->\n<div  class=\"module gallery module-gallery tb_4966282 layout-grid  \" data-lazy=\"1\">\n    <div class=\"module-gallery-grid\" style=\"--gald:5;--galt:5;--galm:5\">\n            <dl class=\"gallery-item\">\n            <dt class=\"gallery-icon\">\n            <a data-title=\"\" title=\"Banska Stiavnica Unesco Slovakia\" href=\"https:\/\/www.bikeslovakia.com\/wp-content\/uploads\/2021\/01\/banska-stiavnica-2.jpg\" data-rel=\"tb_4966282\" class=\"themify_lightbox\"><img loading=\"lazy\" decoding=\"async\" width=\"1500\" height=\"844\" src=\"https:\/\/www.bikeslovakia.com\/wp-content\/uploads\/2021\/01\/banska-stiavnica-2.jpg\" class=\"wp-post-image wp-image-2310\" title=\"Banska Stiavnica Unesco Slovakia\" alt=\"About Slovakia: Banska Stiavnica Unesco Slovakia\" srcset=\"https:\/\/www.bikeslovakia.com\/wp-content\/uploads\/2021\/01\/banska-stiavnica-2.jpg 1500w, https:\/\/www.bikeslovakia.com\/wp-content\/uploads\/2021\/01\/banska-stiavnica-2-600x338.jpg 600w, https:\/\/www.bikeslovakia.com\/wp-content\/uploads\/2021\/01\/banska-stiavnica-2-300x169.jpg 300w, https:\/\/www.bikeslovakia.com\/wp-content\/uploads\/2021\/01\/banska-stiavnica-2-1024x576.jpg 1024w, https:\/\/www.bikeslovakia.com\/wp-content\/uploads\/2021\/01\/banska-stiavnica-2-768x432.jpg 768w\" sizes=\"auto, (max-width: 1500px) 100vw, 1500px\" \/><\/a>            <\/dt>\n                    <\/dl>\n            <dl class=\"gallery-item\">\n            <dt class=\"gallery-icon\">\n            <a data-title=\"\" title=\"Bratislavsk\u00fd hrad\" href=\"https:\/\/www.bikeslovakia.com\/wp-content\/uploads\/2021\/01\/bratislava-panorama.jpg\" data-rel=\"tb_4966282\" class=\"themify_lightbox\"><img loading=\"lazy\" decoding=\"async\" width=\"1500\" height=\"844\" src=\"https:\/\/www.bikeslovakia.com\/wp-content\/uploads\/2021\/01\/bratislava-panorama.jpg\" class=\"wp-post-image wp-image-2320\" title=\"Bratislava Slovakia\" alt=\"Cycling in Slovakia: Bratislava\" srcset=\"https:\/\/www.bikeslovakia.com\/wp-content\/uploads\/2021\/01\/bratislava-panorama.jpg 1500w, https:\/\/www.bikeslovakia.com\/wp-content\/uploads\/2021\/01\/bratislava-panorama-600x338.jpg 600w, https:\/\/www.bikeslovakia.com\/wp-content\/uploads\/2021\/01\/bratislava-panorama-300x169.jpg 300w, https:\/\/www.bikeslovakia.com\/wp-content\/uploads\/2021\/01\/bratislava-panorama-1024x576.jpg 1024w, https:\/\/www.bikeslovakia.com\/wp-content\/uploads\/2021\/01\/bratislava-panorama-768x432.jpg 768w\" sizes=\"auto, (max-width: 1500px) 100vw, 1500px\" \/><\/a>            <\/dt>\n                    <\/dl>\n            <dl class=\"gallery-item\">\n            <dt class=\"gallery-icon\">\n            <a data-title=\"\" title=\"Hrad Dev\u00edn, Bratislava\" href=\"https:\/\/www.bikeslovakia.com\/wp-content\/uploads\/2021\/01\/devin.jpg\" data-rel=\"tb_4966282\" class=\"themify_lightbox\"><img loading=\"lazy\" decoding=\"async\" width=\"1500\" height=\"844\" src=\"https:\/\/www.bikeslovakia.com\/wp-content\/uploads\/2021\/01\/devin.jpg\" class=\"wp-post-image wp-image-2518\" title=\"Bratislava Devin Slovakia\" alt=\"Bratislava Devin Slovakia\" srcset=\"https:\/\/www.bikeslovakia.com\/wp-content\/uploads\/2021\/01\/devin.jpg 1500w, https:\/\/www.bikeslovakia.com\/wp-content\/uploads\/2021\/01\/devin-600x338.jpg 600w, https:\/\/www.bikeslovakia.com\/wp-content\/uploads\/2021\/01\/devin-300x169.jpg 300w, https:\/\/www.bikeslovakia.com\/wp-content\/uploads\/2021\/01\/devin-1024x576.jpg 1024w, https:\/\/www.bikeslovakia.com\/wp-content\/uploads\/2021\/01\/devin-768x432.jpg 768w\" sizes=\"auto, (max-width: 1500px) 100vw, 1500px\" \/><\/a>            <\/dt>\n                    <\/dl>\n            <dl class=\"gallery-item\">\n            <dt class=\"gallery-icon\">\n            <a data-title=\"\" title=\"High Tatras National Park Slovakia\" href=\"\" data-rel=\"tb_4966282\" class=\"themify_lightbox\"><img decoding=\"async\" src=\"https:\/\/www.bikeslovakia.com\/sk\/popradske-pleso-4\/\" class=\"wp-post-image wp-image-2056\" title=\"High Tatras National Park Slovakia\" alt=\"High Tatras National Park Slovakia\"><\/a>            <\/dt>\n                    <\/dl>\n            <dl class=\"gallery-item\">\n            <dt class=\"gallery-icon\">\n            <a data-title=\"\" title=\"Bojnick\u00fd z\u00e1mok\" href=\"https:\/\/www.bikeslovakia.com\/wp-content\/uploads\/2021\/01\/bojnicky-zamok.jpg\" data-rel=\"tb_4966282\" class=\"themify_lightbox\"><img loading=\"lazy\" decoding=\"async\" width=\"1500\" height=\"884\" src=\"https:\/\/www.bikeslovakia.com\/wp-content\/uploads\/2021\/01\/bojnicky-zamok.jpg\" class=\"wp-post-image wp-image-2517\" title=\"bojnicky-zamok\" alt=\"bojnicky-zamok\" srcset=\"https:\/\/www.bikeslovakia.com\/wp-content\/uploads\/2021\/01\/bojnicky-zamok.jpg 1500w, https:\/\/www.bikeslovakia.com\/wp-content\/uploads\/2021\/01\/bojnicky-zamok-600x354.jpg 600w, https:\/\/www.bikeslovakia.com\/wp-content\/uploads\/2021\/01\/bojnicky-zamok-300x177.jpg 300w, https:\/\/www.bikeslovakia.com\/wp-content\/uploads\/2021\/01\/bojnicky-zamok-1024x603.jpg 1024w, https:\/\/www.bikeslovakia.com\/wp-content\/uploads\/2021\/01\/bojnicky-zamok-768x453.jpg 768w\" sizes=\"auto, (max-width: 1500px) 100vw, 1500px\" \/><\/a>            <\/dt>\n                    <\/dl>\n            <dl class=\"gallery-item\">\n            <dt class=\"gallery-icon\">\n            <a data-title=\"\" title=\"Pltn\u00edctvo, N\u00e1rodn\u00fd park Pieniny\" href=\"https:\/\/www.bikeslovakia.com\/wp-content\/uploads\/2021\/01\/cerveny-klastor.jpg\" data-rel=\"tb_4966282\" class=\"themify_lightbox\"><img loading=\"lazy\" decoding=\"async\" width=\"1500\" height=\"884\" src=\"https:\/\/www.bikeslovakia.com\/wp-content\/uploads\/2021\/01\/cerveny-klastor.jpg\" class=\"wp-post-image wp-image-2516\" title=\"cerveny-klastor\" alt=\"cerveny-klastor\" srcset=\"https:\/\/www.bikeslovakia.com\/wp-content\/uploads\/2021\/01\/cerveny-klastor.jpg 1500w, https:\/\/www.bikeslovakia.com\/wp-content\/uploads\/2021\/01\/cerveny-klastor-600x354.jpg 600w, https:\/\/www.bikeslovakia.com\/wp-content\/uploads\/2021\/01\/cerveny-klastor-300x177.jpg 300w, https:\/\/www.bikeslovakia.com\/wp-content\/uploads\/2021\/01\/cerveny-klastor-1024x603.jpg 1024w, https:\/\/www.bikeslovakia.com\/wp-content\/uploads\/2021\/01\/cerveny-klastor-768x453.jpg 768w\" sizes=\"auto, (max-width: 1500px) 100vw, 1500px\" \/><\/a>            <\/dt>\n                    <\/dl>\n            <dl class=\"gallery-item\">\n            <dt class=\"gallery-icon\">\n            <a data-title=\"\" title=\"Skaln\u00e9 \u00fatvary Dreven\u00edk na Spi\u0161i\" href=\"https:\/\/www.bikeslovakia.com\/wp-content\/uploads\/2021\/01\/drevenik.jpg\" data-rel=\"tb_4966282\" class=\"themify_lightbox\"><img loading=\"lazy\" decoding=\"async\" width=\"1500\" height=\"884\" src=\"https:\/\/www.bikeslovakia.com\/wp-content\/uploads\/2021\/01\/drevenik.jpg\" class=\"wp-post-image wp-image-2515\" title=\"drevenik\" alt=\"drevenik\" srcset=\"https:\/\/www.bikeslovakia.com\/wp-content\/uploads\/2021\/01\/drevenik.jpg 1500w, https:\/\/www.bikeslovakia.com\/wp-content\/uploads\/2021\/01\/drevenik-600x354.jpg 600w, https:\/\/www.bikeslovakia.com\/wp-content\/uploads\/2021\/01\/drevenik-300x177.jpg 300w, https:\/\/www.bikeslovakia.com\/wp-content\/uploads\/2021\/01\/drevenik-1024x603.jpg 1024w, https:\/\/www.bikeslovakia.com\/wp-content\/uploads\/2021\/01\/drevenik-768x453.jpg 768w\" sizes=\"auto, (max-width: 1500px) 100vw, 1500px\" \/><\/a>            <\/dt>\n                    <\/dl>\n            <dl class=\"gallery-item\">\n            <dt class=\"gallery-icon\">\n            <a data-title=\"\" title=\"Ko\u0161ice\" href=\"https:\/\/www.bikeslovakia.com\/wp-content\/uploads\/2021\/01\/kosice-dom-sv-alzbety.jpg\" data-rel=\"tb_4966282\" class=\"themify_lightbox\"><img loading=\"lazy\" decoding=\"async\" width=\"1500\" height=\"884\" src=\"https:\/\/www.bikeslovakia.com\/wp-content\/uploads\/2021\/01\/kosice-dom-sv-alzbety.jpg\" class=\"wp-post-image wp-image-2884\" title=\"kosice-dom-sv-alzbety\" alt=\"Kosice Slovakia Dom sv. Alzbety\" srcset=\"https:\/\/www.bikeslovakia.com\/wp-content\/uploads\/2021\/01\/kosice-dom-sv-alzbety.jpg 1500w, https:\/\/www.bikeslovakia.com\/wp-content\/uploads\/2021\/01\/kosice-dom-sv-alzbety-600x354.jpg 600w, https:\/\/www.bikeslovakia.com\/wp-content\/uploads\/2021\/01\/kosice-dom-sv-alzbety-300x177.jpg 300w, https:\/\/www.bikeslovakia.com\/wp-content\/uploads\/2021\/01\/kosice-dom-sv-alzbety-1024x603.jpg 1024w, https:\/\/www.bikeslovakia.com\/wp-content\/uploads\/2021\/01\/kosice-dom-sv-alzbety-768x453.jpg 768w\" sizes=\"auto, (max-width: 1500px) 100vw, 1500px\" \/><\/a>            <\/dt>\n                    <\/dl>\n            <dl class=\"gallery-item\">\n            <dt class=\"gallery-icon\">\n            <a data-title=\"\" title=\"N\u00e1rodn\u00fd park Pieniny\" href=\"https:\/\/www.bikeslovakia.com\/wp-content\/uploads\/2021\/01\/pieniny.jpg\" data-rel=\"tb_4966282\" class=\"themify_lightbox\"><img loading=\"lazy\" decoding=\"async\" width=\"1500\" height=\"884\" src=\"https:\/\/www.bikeslovakia.com\/wp-content\/uploads\/2021\/01\/pieniny.jpg\" class=\"wp-post-image wp-image-2514\" title=\"pieniny\" alt=\"pieniny\" srcset=\"https:\/\/www.bikeslovakia.com\/wp-content\/uploads\/2021\/01\/pieniny.jpg 1500w, https:\/\/www.bikeslovakia.com\/wp-content\/uploads\/2021\/01\/pieniny-600x354.jpg 600w, https:\/\/www.bikeslovakia.com\/wp-content\/uploads\/2021\/01\/pieniny-300x177.jpg 300w, https:\/\/www.bikeslovakia.com\/wp-content\/uploads\/2021\/01\/pieniny-1024x603.jpg 1024w, https:\/\/www.bikeslovakia.com\/wp-content\/uploads\/2021\/01\/pieniny-768x453.jpg 768w\" sizes=\"auto, (max-width: 1500px) 100vw, 1500px\" \/><\/a>            <\/dt>\n                    <\/dl>\n            <dl class=\"gallery-item\">\n            <dt class=\"gallery-icon\">\n            <a data-title=\"\" title=\"Detva Region Central Slovakia\" href=\"\" data-rel=\"tb_4966282\" class=\"themify_lightbox\"><img decoding=\"async\" src=\"https:\/\/www.bikeslovakia.com\/sk\/podpolanie-pohlad-na-detvu-a-krivan-z-javora-ostrozky\/\" class=\"wp-post-image wp-image-1895\" title=\"podpolanie-pohlad-na-detvu-a-krivan-z-javora-ostrozky\" alt=\"Podpo\u013eanie, Slovakia\"><\/a>            <\/dt>\n                    <\/dl>\n    <\/div>\n<\/div>\n<!-- \/module gallery -->        <\/div>\n                        <\/div>\n        <\/div>\n                        <div  data-lazy=\"1\" class=\"module_row themify_builder_row tb_jv0m771 tf_w\">\n                        <div class=\"row_inner col_align_top tb_col_count_1 tf_box tf_rel\">\n                        <div  data-lazy=\"1\" class=\"module_column tb-column col-full tb_4jdt772 first\">\n                    <!-- module text -->\n<div  class=\"module module-text tb_1x6d243   \" data-lazy=\"1\">\n    <h3 class=\"module-title\">Cykloturistika na Slovensku<\/h3>    <div  class=\"tb_text_wrap\">\n        <p style=\"text-align: center;\">Slovensko je preva\u017ene hornat\u00e1 krajina, s n\u00ed\u017einami na juhoz\u00e1pade a juhov\u00fdchode. N\u00e1\u0161 t\u00edm v\u0161ak odpor\u00fa\u010da sa vybra\u0165 aj do hornat\u00fdch regi\u00f3nov stredu a severu Slovenska, kde je krajina dramatickej\u0161ia. Ur\u010dite stoj\u00ed za n\u00e1mahu si vy\u0161\u013eapa\u0165 kopce, hrebene a n\u00e1horn\u00e9 plo\u0161iny v Karpatoch. Tie v\u00fdh\u013eady a zjazdy do \u00fadol\u00ed stoja za to.<\/p>\n<h3 style=\"text-align: center;\">Cestn\u00e9 pravidl\u00e1 pre cyklistov na Slovensku<\/h3>\n<p style=\"text-align: center;\">Kvalita cyklotr\u00e1s na Slovensku sa zlep\u0161uje, ale cyklotrasy do ve\u013ekej miery ved\u00fa aj po cest\u00e1ch s ni\u017e\u0161ou frekvenciou dopravy. Cyklistick\u00e9 prilby nie s\u00fa povinn\u00e9, okrem det\u00ed do 15 rokov mimo obce. Vo v\u0161eobecnosti v\u0161ak nosenie cyklistickej prilby, ako aj reflexn\u00fdch prvkov a dostato\u010dn\u00e9ho osvetlenia bicyklov odpor\u00fa\u010dame.\u00a0\u00a0<\/p>\n<h3 style=\"text-align: center;\">Zna\u010denie cyklotr\u00e1s na Slovensku<\/h3>\n<p style=\"text-align: center;\">Cykloturistick\u00e9 trasy na Slovensku s\u00fa ozna\u010den\u00e9 p\u00edsmenom &#8222;C&#8220; v jednej zo \u0161tyroch farieb, podobne ako pe\u0161ie turistick\u00e9 zna\u010dky (\u010derven\u00e1, modr\u00e1, zelen\u00e1 alebo \u017elt\u00e1). Umiestnen\u00e9 s\u00fa na stromoch alebo in\u00fdch objektoch popri trase. Na kri\u017eovatk\u00e1ch alebo v d\u00f4le\u017eit\u00fdch bodoch n\u00e1jdete aj cyklistick\u00e9 smerovn\u00edky so vzdialenos\u0165ami k r\u00f4znych orienta\u010dn\u00fdm bodom.\u00a0<\/p>\n<p style=\"text-align: center;\">Pod\u013ea ikonky m\u00f4\u017eeme tie\u017e rozl\u00ed\u0161i\u0165, \u010di je m\u00e1 trasa spevnen\u00fd povrch (&#8222;cestn\u00e1&#8220;) alebo vedie po nespevnen\u00fdch cest\u00e1ch (&#8222;MTB&#8220;). Niekedy je aj uveden\u00e1 n\u00e1ro\u010dnos\u0165 trasy &#8211; od \u013eahkej &#8222;REKREA&#8220; cez stredn\u00fa &#8222;SPORT&#8220; po n\u00e1ro\u010dn\u00fa &#8222;EXPERT&#8220;.\u00a0<\/p>\n<p style=\"text-align: center;\">Podrobn\u00e9 inform\u00e1cie k zna\u010deniu cyklotr\u00e1s na Slovensku n\u00e1jdete na webstr\u00e1nke <a href=\"https:\/\/www.cykloportal.sk\/info\/legenda-k-cyklotrasam\" target=\"_blank\" rel=\"noopener\">Slovensk\u00e9ho cykloklubu<\/a>.<\/p>    <\/div>\n<\/div>\n<!-- \/module text -->        <\/div>\n                        <\/div>\n        <\/div>\n        <\/div>\n<!--\/themify_builder_content-->","protected":false},"excerpt":{"rendered":"<p>Cykloturistika na Slovensku Ako objavova\u0165 Slovensko na dvoch koles\u00e1ch Chcem vedie\u0165 Slovensko: kri\u017eovatka eur\u00f3pskych cyklotr\u00e1s? \u00dazemie Slovenska bolo v\u010faka svojej polohe v strede Eur\u00f3py odnepam\u00e4ti kri\u017eovatkou r\u00f4znych ciest. Dnes to do istej miery plat\u00ed aj cyklotrasy. Jedna z hlavn\u00fdch tr\u00e1s cyklistov zo z\u00e1padnej Eur\u00f3py do \u00c1zie vedie popri Dunaji (EuroVelo 6) aj cez Bratislavu a [&hellip;]<\/p>\n","protected":false},"author":1,"featured_media":0,"parent":1392,"menu_order":0,"comment_status":"closed","ping_status":"closed","template":"","meta":{"footnotes":""},"class_list":["post-1442","page","type-page","status-publish","hentry","has-post-title","has-post-date","has-post-category","has-post-tag","has-post-comment","has-post-author",""],"builder_content":"<h1>Cykloturistika na Slovensku<\/h1>\n<h2 style=\"text-align: center;\">Ako objavova\u0165 Slovensko na dvoch koles\u00e1ch<\/h2>\n<a href=\"#whatis\" > Chcem vedie\u0165 <\/a>\n<h3>Slovensko: kri\u017eovatka eur\u00f3pskych cyklotr\u00e1s?<\/h3> <p style=\"text-align: center;\">\u00dazemie Slovenska bolo v\u010faka svojej polohe v strede Eur\u00f3py odnepam\u00e4ti kri\u017eovatkou r\u00f4znych ciest. Dnes to do istej miery plat\u00ed aj cyklotrasy. Jedna z hlavn\u00fdch tr\u00e1s cyklistov zo z\u00e1padnej Eur\u00f3py do \u00c1zie vedie popri Dunaji (<a href=\"https:\/\/www.eurovelo.sk\/sk\/6.html\" target=\"_blank\" rel=\"noopener\">EuroVelo 6<\/a>) aj cez Bratislavu a ju\u017en\u00e9 Slovensko. Epick\u00e1 cyklotrasa b\u00fdvalej \u017deleznej opony (<a href=\"https:\/\/www.eurovelo.sk\/sk\/13.html\" target=\"_blank\" rel=\"noopener\">EuroVelo 13<\/a>) sp\u00e1ja sever s juhom kontinentu aj na samom Z\u00e1pade Slovenska popri hranici s Rak\u00faskom. \u010eal\u0161ia severoju\u017en\u00e1 cyklotrasa z F\u00ednska do Gr\u00e9cka (<a href=\"https:\/\/www.eurovelo.sk\/sk\/11.html\" target=\"_blank\" rel=\"noopener\">EuroVelo 11<\/a>) kri\u017euje Slovensko cez v\u00fdchodn\u00e9 Slovensko a sp\u00e1ja aj Pre\u0161ov a Ko\u0161ice.<\/p> <p><img loading=\"lazy\" decoding=\"async\" src=\"https:\/\/www.bikeslovakia.com\/wp-content\/uploads\/2021\/01\/slovakia-map-3.png\" alt=\"Map of Slovakia in Europe\" width=\"295\" height=\"290\" \/><\/p>\n[gallery ids=\"1039,1042,1043,1045,1125,1127,1129,1130,1131,1132\"]\n<h3>Cykloturistika na Slovensku<\/h3> <p style=\"text-align: center;\">Slovensko je preva\u017ene hornat\u00e1 krajina, s n\u00ed\u017einami na juhoz\u00e1pade a juhov\u00fdchode. N\u00e1\u0161 t\u00edm v\u0161ak odpor\u00fa\u010da sa vybra\u0165 aj do hornat\u00fdch regi\u00f3nov stredu a severu Slovenska, kde je krajina dramatickej\u0161ia. Ur\u010dite stoj\u00ed za n\u00e1mahu si vy\u0161\u013eapa\u0165 kopce, hrebene a n\u00e1horn\u00e9 plo\u0161iny v Karpatoch. Tie v\u00fdh\u013eady a zjazdy do \u00fadol\u00ed stoja za to.<\/p> <h3 style=\"text-align: center;\">Cestn\u00e9 pravidl\u00e1 pre cyklistov na Slovensku<\/h3> <p style=\"text-align: center;\">Kvalita cyklotr\u00e1s na Slovensku sa zlep\u0161uje, ale cyklotrasy do ve\u013ekej miery ved\u00fa aj po cest\u00e1ch s ni\u017e\u0161ou frekvenciou dopravy. Cyklistick\u00e9 prilby nie s\u00fa povinn\u00e9, okrem det\u00ed do 15 rokov mimo obce. Vo v\u0161eobecnosti v\u0161ak nosenie cyklistickej prilby, ako aj reflexn\u00fdch prvkov a dostato\u010dn\u00e9ho osvetlenia bicyklov odpor\u00fa\u010dame.\u00a0\u00a0<\/p> <h3 style=\"text-align: center;\">Zna\u010denie cyklotr\u00e1s na Slovensku<\/h3> <p style=\"text-align: center;\">Cykloturistick\u00e9 trasy na Slovensku s\u00fa ozna\u010den\u00e9 p\u00edsmenom \"C\" v jednej zo \u0161tyroch farieb, podobne ako pe\u0161ie turistick\u00e9 zna\u010dky (\u010derven\u00e1, modr\u00e1, zelen\u00e1 alebo \u017elt\u00e1). Umiestnen\u00e9 s\u00fa na stromoch alebo in\u00fdch objektoch popri trase. Na kri\u017eovatk\u00e1ch alebo v d\u00f4le\u017eit\u00fdch bodoch n\u00e1jdete aj cyklistick\u00e9 smerovn\u00edky so vzdialenos\u0165ami k r\u00f4znych orienta\u010dn\u00fdm bodom.\u00a0<\/p> <p style=\"text-align: center;\">Pod\u013ea ikonky m\u00f4\u017eeme tie\u017e rozl\u00ed\u0161i\u0165, \u010di je m\u00e1 trasa spevnen\u00fd povrch (\"cestn\u00e1\") alebo vedie po nespevnen\u00fdch cest\u00e1ch (\"MTB\"). Niekedy je aj uveden\u00e1 n\u00e1ro\u010dnos\u0165 trasy - od \u013eahkej \"REKREA\" cez stredn\u00fa \"SPORT\" po n\u00e1ro\u010dn\u00fa \"EXPERT\".\u00a0<\/p> <p style=\"text-align: center;\">Podrobn\u00e9 inform\u00e1cie k zna\u010deniu cyklotr\u00e1s na Slovensku n\u00e1jdete na webstr\u00e1nke <a href=\"https:\/\/www.cykloportal.sk\/info\/legenda-k-cyklotrasam\" target=\"_blank\" rel=\"noopener\">Slovensk\u00e9ho cykloklubu<\/a>.<\/p>","_links":{"self":[{"href":"https:\/\/www.bikeslovakia.com\/sk\/wp-json\/wp\/v2\/pages\/1442","targetHints":{"allow":["GET"]}}],"collection":[{"href":"https:\/\/www.bikeslovakia.com\/sk\/wp-json\/wp\/v2\/pages"}],"about":[{"href":"https:\/\/www.bikeslovakia.com\/sk\/wp-json\/wp\/v2\/types\/page"}],"author":[{"embeddable":true,"href":"https:\/\/www.bikeslovakia.com\/sk\/wp-json\/wp\/v2\/users\/1"}],"replies":[{"embeddable":true,"href":"https:\/\/www.bikeslovakia.com\/sk\/wp-json\/wp\/v2\/comments?post=1442"}],"version-history":[{"count":5,"href":"https:\/\/www.bikeslovakia.com\/sk\/wp-json\/wp\/v2\/pages\/1442\/revisions"}],"predecessor-version":[{"id":2513,"href":"https:\/\/www.bikeslovakia.com\/sk\/wp-json\/wp\/v2\/pages\/1442\/revisions\/2513"}],"up":[{"embeddable":true,"href":"https:\/\/www.bikeslovakia.com\/sk\/wp-json\/wp\/v2\/pages\/1392"}],"wp:attachment":[{"href":"https:\/\/www.bikeslovakia.com\/sk\/wp-json\/wp\/v2\/media?parent=1442"}],"curies":[{"name":"wp","href":"https:\/\/api.w.org\/{rel}","templated":true}]}}