{"id":1394,"date":"2020-05-31T15:27:08","date_gmt":"2020-05-31T14:27:08","guid":{"rendered":"https:\/\/www.bikeslovakia.com\/blog\/"},"modified":"2021-06-17T10:16:06","modified_gmt":"2021-06-17T09:16:06","slug":"blog","status":"publish","type":"page","link":"https:\/\/www.bikeslovakia.com\/sk\/blog\/","title":{"rendered":"Blog"},"content":{"rendered":"<!--themify_builder_content-->\n<div id=\"themify_builder_content-1394\" data-postid=\"1394\" class=\"themify_builder_content themify_builder_content-1394 themify_builder tf_clear\">\n                    <div  data-css_id=\"tcox578\" data-lazy=\"1\" class=\"module_row themify_builder_row fullheight fullwidth_row_container tb_tcox578 tb_first tf_w\">\n            <span  class=\"builder_row_cover tf_abs\" data-lazy=\"1\"><\/span>            <div class=\"row_inner col_align_top tb_col_count_1 tf_box tf_rel\">\n                        <div  data-lazy=\"1\" class=\"module_column tb-column col-full tb_kx4u579 first\">\n                    <!-- module text -->\n<div  class=\"module module-text tb_ni6m579  repeat \" data-lazy=\"1\">\n        <div  class=\"tb_text_wrap\">\n        <h1>V\u00fdlevy mysle bl\u00fadneho cyklistu<\/h1>    <\/div>\n<\/div>\n<!-- \/module text --><!-- module text -->\n<div  class=\"module module-text tb_53mi579  repeat \" data-lazy=\"1\">\n        <div  class=\"tb_text_wrap\">\n        <h2 style=\"text-align: center;\">Hoci\u010do \u010do v\u00e1m nenapadlo op\u00fdta\u0165 sa o bicyklovan\u00ed, ale raz sa v\u00e1m to mo\u017eno z\u00edde<\/h2>    <\/div>\n<\/div>\n<!-- \/module text --><!-- module buttons -->\n<div  class=\"module module-buttons tb_fvpw580 buttons-horizontal outline  circle\" data-lazy=\"1\">\n        <div class=\"module-buttons-item tf_in_flx\">\n                        <a href=\"#whatis\" class=\"ui builder_button tf_in_flx transparent\" >\n                                                Chcem \u010d\u00edta\u0165                                        <\/a>\n                <\/div>\n            <\/div>\n<!-- \/module buttons -->\n        <\/div>\n                        <\/div>\n        <\/div>\n                        <div  data-anchor=\"whatis\" data-hide-anchor=\"1\" data-lazy=\"1\" class=\"module_row themify_builder_row tb_has_section tb_section-whatis tb_6kwy988 tf_w\">\n                        <div class=\"row_inner col_align_top tb_col_count_1 tf_box tf_rel\">\n                        <div  data-lazy=\"1\" class=\"module_column tb-column col-full tb_a14f989 first\">\n                    <!-- module text -->\n<div  class=\"module module-text tb_3e8i961   \" data-lazy=\"1\">\n    <h3 class=\"module-title\">Blog o cykloturistike na Slovensku a nielen to<\/h3>    <div  class=\"tb_text_wrap\">\n        <p style=\"text-align: center;\">T\u00edm Bike Slovakia miluje cykloturistiku. Ver\u00edme, \u017ee putovanie na bicykli m\u00e1 tu spr\u00e1vnu r\u00fdchlos\u0165, aby ste objavili nov\u00e9 miesta. Bicykel v\u00e1m umo\u017en\u00ed prec\u00edti\u0165 a vychutna\u0165 si kr\u00e1su krajiny so v\u0161etk\u00fdmi jej odtienmi, mel\u00f3diami a v\u00f4\u0148ami. N\u00e1\u0161 blog o cykloturistike na Slovensku v\u00e1m prin\u00e1\u0161a \u010dl\u00e1nky o cestovan\u00ed aj z in\u00fdch kraj\u00edn. Radi s vami pozdie\u013eame na\u0161e z\u00e1\u017eitky a sk\u00fasenosti z cyklociest po Eur\u00f3pe, ale aj niektor\u00fdch \u010dast\u00ed \u00c1zie. \u010c\u00edtajte a bicyklujte, ale nie naraz!<\/p>    <\/div>\n<\/div>\n<!-- \/module text -->        <\/div>\n                        <\/div>\n        <\/div>\n                        <div  data-lazy=\"1\" class=\"module_row themify_builder_row tb_s5al774 tf_w\">\n                        <div class=\"row_inner col_align_top tb_col_count_1 tf_box tf_rel\">\n                        <div  data-lazy=\"1\" class=\"module_column tb-column col-full tb_ndgx775 first\">\n                    <!-- module post -->\n<div  class=\"module module-post tb_vcod286 \">\n    <div  class=\"builder-posts-wrap loops-wrapper grid2 masonry classic tf_rel tf_clear tf_clearfix\" data-lazy=\"1\">\n    <article id=\"post-2223\" class=\"post tf_clearfix post-2223 type-post status-publish format-standard has-post-thumbnail hentry category-uncategorized-sk has-post-title no-post-date has-post-category has-post-tag has-post-comment has-post-author \">\n\t    \n\t                <figure class=\"post-image tf_clearfix\">\n                                                            <a href=\"https:\/\/www.bikeslovakia.com\/sk\/5-najlepsich-cyklovyletov-v-bratislave\/\">\n                                        <img loading=\"lazy\" decoding=\"async\" width=\"1500\" height=\"844\" src=\"https:\/\/www.bikeslovakia.com\/wp-content\/uploads\/2021\/05\/bike-route-morava-river-near-bratislava.jpg\" class=\"wp-post-image wp-image-2206\" title=\"Bike trips in Bratislava\" alt=\"Best Bike Cycling Paths in Bratislava\" srcset=\"https:\/\/www.bikeslovakia.com\/wp-content\/uploads\/2021\/05\/bike-route-morava-river-near-bratislava.jpg 1500w, https:\/\/www.bikeslovakia.com\/wp-content\/uploads\/2021\/05\/bike-route-morava-river-near-bratislava-600x338.jpg 600w, https:\/\/www.bikeslovakia.com\/wp-content\/uploads\/2021\/05\/bike-route-morava-river-near-bratislava-300x169.jpg 300w, https:\/\/www.bikeslovakia.com\/wp-content\/uploads\/2021\/05\/bike-route-morava-river-near-bratislava-1024x576.jpg 1024w, https:\/\/www.bikeslovakia.com\/wp-content\/uploads\/2021\/05\/bike-route-morava-river-near-bratislava-768x432.jpg 768w, https:\/\/www.bikeslovakia.com\/wp-content\/uploads\/2021\/05\/bike-route-morava-river-near-bratislava-1024x576-800x450.jpg 800w\" sizes=\"auto, (max-width: 1500px) 100vw, 1500px\" \/>                                                                    <\/a>\n                                                                <\/figure>\n                    \t<div class=\"post-content\">\n\t\t<div class=\"post-content-inner\">\n\n\t\t\t\n\t\t\t<h2 class=\"post-title entry-title\"><a href=\"https:\/\/www.bikeslovakia.com\/sk\/5-najlepsich-cyklovyletov-v-bratislave\/\">5 najlep\u0161\u00edch cyklov\u00fdletov v Bratislave<\/a><\/h2>\n\t\t\t\n\t\t\t\n\t\t\t        <div class=\"entry-content\">\n\n        \n            <p>Bratislava je na cyklov\u00fdlety v\u00fdborn\u00e1. Hlavn\u00e9 mesto Slovenska m\u00e1 zauj\u00edmav\u00fa polohu na brehu eur\u00f3pskeho ve\u013etoku Dunaj a na \u00fap\u00e4t\u00ed pohoria Mal\u00e9 Karpaty. V okol\u00ed Bratislavy n\u00e1jdete desiatky kilometrov cyklotr\u00e1s pre cestn\u00fd aj horsk\u00fd bicykel. Ktor\u00e9 s\u00fa tie najlep\u0161ie cyklov\u00fdlety? Ako nad\u0161en\u00fd cyklista br\u00e1zdiaci ulice mesta a cyklochodn\u00edky v okol\u00ed v\u00e1m odpor\u00fa\u010dam tieto.<\/p>\n\n                \n            \n        <\/div><!-- \/.entry-content -->\n        \n\t\t<\/div>\n\t\t<!-- \/.post-content-inner -->\n\t<\/div>\n\t<!-- \/.post-content -->\n\t\n<\/article>\n<!-- \/.post -->\n<article id=\"post-1568\" class=\"post tf_clearfix post-1568 type-post status-publish format-standard has-post-thumbnail hentry category-uncategorized-sk has-post-title no-post-date has-post-category has-post-tag has-post-comment has-post-author \">\n\t    \n\t                <figure class=\"post-image tf_clearfix\">\n                                                            <a href=\"https:\/\/www.bikeslovakia.com\/sk\/na-bicykli-napriec-europou-zo-slovenska-do-portugalska\/\">\n                                        <img loading=\"lazy\" decoding=\"async\" width=\"1352\" height=\"763\" src=\"https:\/\/www.bikeslovakia.com\/wp-content\/uploads\/2021\/01\/atlantic-ocean-portugal.jpg\" class=\"wp-post-image wp-image-1569\" title=\"atlantic ocean portugal\" alt=\"atlantic ocean portugal\" srcset=\"https:\/\/www.bikeslovakia.com\/wp-content\/uploads\/2021\/01\/atlantic-ocean-portugal.jpg 1352w, https:\/\/www.bikeslovakia.com\/wp-content\/uploads\/2021\/01\/atlantic-ocean-portugal-600x339.jpg 600w, https:\/\/www.bikeslovakia.com\/wp-content\/uploads\/2021\/01\/atlantic-ocean-portugal-300x169.jpg 300w, https:\/\/www.bikeslovakia.com\/wp-content\/uploads\/2021\/01\/atlantic-ocean-portugal-1024x578.jpg 1024w, https:\/\/www.bikeslovakia.com\/wp-content\/uploads\/2021\/01\/atlantic-ocean-portugal-768x433.jpg 768w, https:\/\/www.bikeslovakia.com\/wp-content\/uploads\/2021\/01\/atlantic-ocean-portugal-1024x578-800x451.jpg 800w\" sizes=\"auto, (max-width: 1352px) 100vw, 1352px\" \/>                                                                    <\/a>\n                                                                <\/figure>\n                    \t<div class=\"post-content\">\n\t\t<div class=\"post-content-inner\">\n\n\t\t\t\n\t\t\t<h2 class=\"post-title entry-title\"><a href=\"https:\/\/www.bikeslovakia.com\/sk\/na-bicykli-napriec-europou-zo-slovenska-do-portugalska\/\">Na bicykli naprie\u010d Eur\u00f3pou: zo Slovenska do Portugalska<\/a><\/h2>\n\t\t\t\n\t\t\t\n\t\t\t        <div class=\"entry-content\">\n\n        \n            <p>Toto bola moja \u017eivotn\u00e1 cyklocesta. Prejs\u0165 4500 kilometrov naprie\u010d Eur\u00f3pou s\u00f3lo mi trvalo 2 mesiace a prinieslo neskuto\u010dn\u00e9 mno\u017estvo v\u00fdnimo\u010dn\u00fdch stretnut\u00ed.<\/p>\n\n                \n            \n        <\/div><!-- \/.entry-content -->\n        \n\t\t<\/div>\n\t\t<!-- \/.post-content-inner -->\n\t<\/div>\n\t<!-- \/.post-content -->\n\t\n<\/article>\n<!-- \/.post -->\n<article id=\"post-1570\" class=\"post tf_clearfix post-1570 type-post status-publish format-standard has-post-thumbnail hentry category-uncategorized-sk has-post-title no-post-date has-post-category has-post-tag has-post-comment has-post-author \">\n\t    \n\t                <figure class=\"post-image tf_clearfix\">\n                                                            <a href=\"https:\/\/www.bikeslovakia.com\/sk\/ako-sme-pripravovali-horsku-trasu-bike-slovakia\/\">\n                                        <img loading=\"lazy\" decoding=\"async\" width=\"1200\" height=\"677\" src=\"https:\/\/www.bikeslovakia.com\/wp-content\/uploads\/2020\/12\/bike-slovakia-mtb-route-03.jpg\" class=\"wp-post-image wp-image-1571\" title=\"Mountain Bike Adventure in Slovakia\" alt=\"Mountain Bike Adventure in Slovakia\" srcset=\"https:\/\/www.bikeslovakia.com\/wp-content\/uploads\/2020\/12\/bike-slovakia-mtb-route-03.jpg 1200w, https:\/\/www.bikeslovakia.com\/wp-content\/uploads\/2020\/12\/bike-slovakia-mtb-route-03-600x339.jpg 600w, https:\/\/www.bikeslovakia.com\/wp-content\/uploads\/2020\/12\/bike-slovakia-mtb-route-03-300x169.jpg 300w, https:\/\/www.bikeslovakia.com\/wp-content\/uploads\/2020\/12\/bike-slovakia-mtb-route-03-1024x578.jpg 1024w, https:\/\/www.bikeslovakia.com\/wp-content\/uploads\/2020\/12\/bike-slovakia-mtb-route-03-768x433.jpg 768w, https:\/\/www.bikeslovakia.com\/wp-content\/uploads\/2020\/12\/bike-slovakia-mtb-route-03-1024x578-800x451.jpg 800w, https:\/\/www.bikeslovakia.com\/wp-content\/uploads\/2020\/12\/bike-slovakia-mtb-route-03-1024x578-354x200.jpg 354w\" sizes=\"auto, (max-width: 1200px) 100vw, 1200px\" \/>                                                                    <\/a>\n                                                                <\/figure>\n                    \t<div class=\"post-content\">\n\t\t<div class=\"post-content-inner\">\n\n\t\t\t\n\t\t\t<h2 class=\"post-title entry-title\"><a href=\"https:\/\/www.bikeslovakia.com\/sk\/ako-sme-pripravovali-horsku-trasu-bike-slovakia\/\">Ako sme pripravovali Horsk\u00fa trasu Bike Slovakia<\/a><\/h2>\n\t\t\t\n\t\t\t\n\t\t\t        <div class=\"entry-content\">\n\n        \n            <p>Bolo to neskor\u00fd ve\u010der s nebom pln\u00fdm hviezd nad temn\u00fdmi lesmi a hrebe\u0148mi Karp\u00e1t. Sc\u00e9na, kde \u0161tyria vesel\u00ed chlape\u010dkovia relaxuj\u00fa v otvorenej kadi plnej hor\u00facej vody, smej\u00fac sa a pop\u00edjaj\u00fac pivo po bicyklovan\u00ed viac ako 50 kilometrov po nespevnen\u00fdch cest\u00e1ch horami dolami stredn\u00fdm Slovenskom. Tu som prec\u00edtil, o \u010dom by cyklistick\u00e9 dobrodru\u017estvo malo by\u0165.<\/p>\n\n                \n            \n        <\/div><!-- \/.entry-content -->\n        \n\t\t<\/div>\n\t\t<!-- \/.post-content-inner -->\n\t<\/div>\n\t<!-- \/.post-content -->\n\t\n<\/article>\n<!-- \/.post -->\n    <\/div><!-- .builder-posts-wrap -->\n            <\/div>\n<!-- \/module post -->\n            <\/div>\n                        <\/div>\n        <\/div>\n        <\/div>\n<!--\/themify_builder_content-->","protected":false},"excerpt":{"rendered":"<p>V\u00fdlevy mysle bl\u00fadneho cyklistu<\/p>\n","protected":false},"author":1,"featured_media":2289,"parent":0,"menu_order":0,"comment_status":"closed","ping_status":"closed","template":"","meta":{"footnotes":""},"class_list":["post-1394","page","type-page","status-publish","has-post-thumbnail","hentry","has-post-title","has-post-date","has-post-category","has-post-tag","has-post-comment","has-post-author",""],"builder_content":"<h1>V\u00fdlevy mysle bl\u00fadneho cyklistu<\/h1>\n<h2 style=\"text-align: center;\">Hoci\u010do \u010do v\u00e1m nenapadlo op\u00fdta\u0165 sa o bicyklovan\u00ed, ale raz sa v\u00e1m to mo\u017eno z\u00edde<\/h2>\n<a href=\"#whatis\" > Chcem \u010d\u00edta\u0165 <\/a>\n<h3>Blog o cykloturistike na Slovensku a nielen to<\/h3> <p style=\"text-align: center;\">T\u00edm Bike Slovakia miluje cykloturistiku. Ver\u00edme, \u017ee putovanie na bicykli m\u00e1 tu spr\u00e1vnu r\u00fdchlos\u0165, aby ste objavili nov\u00e9 miesta. Bicykel v\u00e1m umo\u017en\u00ed prec\u00edti\u0165 a vychutna\u0165 si kr\u00e1su krajiny so v\u0161etk\u00fdmi jej odtienmi, mel\u00f3diami a v\u00f4\u0148ami. N\u00e1\u0161 blog o cykloturistike na Slovensku v\u00e1m prin\u00e1\u0161a \u010dl\u00e1nky o cestovan\u00ed aj z in\u00fdch kraj\u00edn. Radi s vami pozdie\u013eame na\u0161e z\u00e1\u017eitky a sk\u00fasenosti z cyklociest po Eur\u00f3pe, ale aj niektor\u00fdch \u010dast\u00ed \u00c1zie. \u010c\u00edtajte a bicyklujte, ale nie naraz!<\/p>","_links":{"self":[{"href":"https:\/\/www.bikeslovakia.com\/sk\/wp-json\/wp\/v2\/pages\/1394","targetHints":{"allow":["GET"]}}],"collection":[{"href":"https:\/\/www.bikeslovakia.com\/sk\/wp-json\/wp\/v2\/pages"}],"about":[{"href":"https:\/\/www.bikeslovakia.com\/sk\/wp-json\/wp\/v2\/types\/page"}],"author":[{"embeddable":true,"href":"https:\/\/www.bikeslovakia.com\/sk\/wp-json\/wp\/v2\/users\/1"}],"replies":[{"embeddable":true,"href":"https:\/\/www.bikeslovakia.com\/sk\/wp-json\/wp\/v2\/comments?post=1394"}],"version-history":[{"count":7,"href":"https:\/\/www.bikeslovakia.com\/sk\/wp-json\/wp\/v2\/pages\/1394\/revisions"}],"predecessor-version":[{"id":2506,"href":"https:\/\/www.bikeslovakia.com\/sk\/wp-json\/wp\/v2\/pages\/1394\/revisions\/2506"}],"wp:featuredmedia":[{"embeddable":true,"href":"https:\/\/www.bikeslovakia.com\/sk\/wp-json\/wp\/v2\/media\/2289"}],"wp:attachment":[{"href":"https:\/\/www.bikeslovakia.com\/sk\/wp-json\/wp\/v2\/media?parent=1394"}],"curies":[{"name":"wp","href":"https:\/\/api.w.org\/{rel}","templated":true}]}}